{"id":301,"date":"2025-09-24T10:07:00","date_gmt":"2025-09-24T10:07:00","guid":{"rendered":"https:\/\/www.olgascheps.com\/en\/?page_id=301"},"modified":"2025-11-16T01:30:11","modified_gmt":"2025-11-16T01:30:11","slug":"youtube","status":"publish","type":"page","link":"https:\/\/www.olgascheps.com\/en\/youtube\/","title":{"rendered":"YouTube"},"content":{"rendered":"\n<h1>\n\t\t\tYouTube\t<\/h1>\n<h2>\n\t\t<a href=\"http:\/\/www.youtube.com\/@olgaschepsofficial\" title=\"Follow me\"  target=\"_blank\"  rel=\"noopener\">\n\t\t\tFollow me\t\t<\/a>\n\t<\/h2>\n\t\t\t\t<a href=\"https:\/\/www.youtube.com\/watch?v=CYjGtndjtDQ\"  target=\"_blank\" rel=\"noopener\"  itemprop=\"url\">\n\t\t\t\t<img decoding=\"async\" src=\"https:\/\/www.olgascheps.com\/en\/wp-content\/uploads\/2025\/10\/YouTube-Who-is.jpg\" alt=\"Who is Olga Scheps? - A Short Documentary \" itemprop=\"image\" height=\"788\" width=\"1188\" title=\"Who is Olga\" onerror=\"this.style.display='none'\" loading=\"lazy\" \/>\n\t\t\t\t<\/a>\n\t\tWho is Olga Scheps? &#8211; A Short Documentary \n\t\t\t\t<a href=\"https:\/\/www.youtube.com\/watch?v=2bFo65szAP0\"  target=\"_blank\" rel=\"noopener\"  itemprop=\"url\">\n\t\t\t\t<img decoding=\"async\" src=\"https:\/\/www.olgascheps.com\/en\/wp-content\/uploads\/2025\/10\/YouTube-Chopin.jpg\" alt=\"Fr\u00e9d\u00e9ric Chopin: Piano Concerto No. 1 e-minor (Olga Scheps live) \" itemprop=\"image\" height=\"788\" width=\"1188\" title=\"Chopin\" onerror=\"this.style.display='none'\" loading=\"lazy\" \/>\n\t\t\t\t<\/a>\n\t\tFr\u00e9d\u00e9ric Chopin: Piano Concerto No. 1 e-minor (Olga Scheps live) \n\t\t\t\t<a href=\"https:\/\/www.youtube.com\/watch?v=AjMBtkTMLYU\"  target=\"_blank\" rel=\"noopener\"  itemprop=\"url\">\n\t\t\t\t<img decoding=\"async\" src=\"https:\/\/www.olgascheps.com\/en\/wp-content\/uploads\/2025\/10\/YouTube-Beethoven.jpg\" alt=\"Beethoven Piano Concerto No 3 Filharmonie Bohuslava Martin\u016f \/ Robert Kru\u017e\u00edk Olga Scheps Piano live\" itemprop=\"image\" height=\"788\" width=\"1188\" title=\"Beethoven\" onerror=\"this.style.display='none'\" loading=\"lazy\" \/>\n\t\t\t\t<\/a>\n\t\tBeethoven Piano Concerto No 3 Filharmonie Bohuslava Martin\u016f \/ Robert Kru\u017e\u00edk Olga Scheps Piano live\n\t\t\t\t<a href=\"https:\/\/youtu.be\/b2gs-Jfyyw0?si=LmtvencjP285tIXB\"  target=\"_blank\" rel=\"noopener\"  itemprop=\"url\">\n\t\t\t\t<img decoding=\"async\" src=\"https:\/\/www.olgascheps.com\/en\/wp-content\/uploads\/2025\/10\/YouTube-Rachmaninow.jpg\" alt=\"Sergej Rachmaninov piano concerto no 2 Philharmonie S\u00fcdwestfalen \/ Marcus Bosch Olga Scheps piano\" itemprop=\"image\" height=\"788\" width=\"1188\" title=\"Sergej Rachmaninov\" onerror=\"this.style.display='none'\" loading=\"lazy\" \/>\n\t\t\t\t<\/a>\n\t\tSergej Rachmaninov piano concerto no 2 Philharmonie S\u00fcdwestfalen \/ Marcus Bosch Olga Scheps piano\n\t\t\t\t<a href=\"https:\/\/www.youtube.com\/watch?v=dS1OGYTkolA\"  target=\"_blank\" rel=\"noopener\"  itemprop=\"url\">\n\t\t\t\t<img decoding=\"async\" src=\"https:\/\/www.olgascheps.com\/en\/wp-content\/uploads\/2025\/10\/YouTube-Rachmaninow2.jpg\" alt=\"Rachmaninov, Pr\u00e9lude Op. 23 No. 5 g-minor (Olga Scheps live) Screenshot\" itemprop=\"image\" height=\"788\" width=\"1188\" title=\"Rachmaninov\" onerror=\"this.style.display='none'\" loading=\"lazy\" \/>\n\t\t\t\t<\/a>\n\t\tRachmaninov, Pr\u00e9lude Op. 23 No. 5 g-minor (Olga Scheps live) Screenshot\n\t\t\t\t<a href=\"https:\/\/www.youtube.com\/watch?v=1dcaX3HEBRs\"  target=\"_blank\" rel=\"noopener\"  itemprop=\"url\">\n\t\t\t\t<img decoding=\"async\" src=\"https:\/\/www.olgascheps.com\/en\/wp-content\/uploads\/2025\/10\/YouTube-Beethoven2.jpg\" alt=\"Olga Scheps - Beethoven - Rage Over a Lost Penny, Op. 129\" itemprop=\"image\" height=\"788\" width=\"1188\" title=\"Beethoven\" onerror=\"this.style.display='none'\" loading=\"lazy\" \/>\n\t\t\t\t<\/a>\n\t\tOlga Scheps &#8211; Beethoven &#8211; Rage Over a Lost Penny, Op. 129\n\t\t\t\t<a href=\"https:\/\/www.youtube.com\/watch?v=iNB01Jc4CQc\"  target=\"_blank\" rel=\"noopener\"  itemprop=\"url\">\n\t\t\t\t<img decoding=\"async\" src=\"https:\/\/www.olgascheps.com\/en\/wp-content\/uploads\/2025\/10\/YouTube-Chopin2.jpg\" alt=\"Fr\u00e9d\u00e9ric Chopin Ballade No. 1 Op. 23 Olga Scheps live \" itemprop=\"image\" height=\"788\" width=\"1188\" title=\"Fr\u00e9d\u00e9ric Chopin\" onerror=\"this.style.display='none'\" loading=\"lazy\" \/>\n\t\t\t\t<\/a>\n\t\tFr\u00e9d\u00e9ric Chopin Ballade No. 1 Op. 23 Olga Scheps live \n\n","protected":false},"excerpt":{"rendered":"<p>YouTube Follow me Who is Olga Scheps? &#8211; A Short Documentary Fr\u00e9d\u00e9ric Chopin: Piano Concerto No. 1 e-minor (Olga Scheps live) Beethoven Piano Concerto No 3 Filharmonie Bohuslava Martin\u016f \/ Robert Kru\u017e\u00edk Olga Scheps Piano live Sergej Rachmaninov piano concerto no 2 Philharmonie S\u00fcdwestfalen \/ Marcus Bosch Olga Scheps piano Rachmaninov, Pr\u00e9lude Op. 23 No.&hellip;<\/p>\n","protected":false},"author":2,"featured_media":0,"parent":0,"menu_order":0,"comment_status":"closed","ping_status":"closed","template":"","meta":{"footnotes":""},"class_list":["post-301","page","type-page","status-publish","hentry"],"_links":{"self":[{"href":"https:\/\/www.olgascheps.com\/en\/wp-json\/wp\/v2\/pages\/301","targetHints":{"allow":["GET"]}}],"collection":[{"href":"https:\/\/www.olgascheps.com\/en\/wp-json\/wp\/v2\/pages"}],"about":[{"href":"https:\/\/www.olgascheps.com\/en\/wp-json\/wp\/v2\/types\/page"}],"author":[{"embeddable":true,"href":"https:\/\/www.olgascheps.com\/en\/wp-json\/wp\/v2\/users\/2"}],"replies":[{"embeddable":true,"href":"https:\/\/www.olgascheps.com\/en\/wp-json\/wp\/v2\/comments?post=301"}],"version-history":[{"count":13,"href":"https:\/\/www.olgascheps.com\/en\/wp-json\/wp\/v2\/pages\/301\/revisions"}],"predecessor-version":[{"id":629,"href":"https:\/\/www.olgascheps.com\/en\/wp-json\/wp\/v2\/pages\/301\/revisions\/629"}],"wp:attachment":[{"href":"https:\/\/www.olgascheps.com\/en\/wp-json\/wp\/v2\/media?parent=301"}],"curies":[{"name":"wp","href":"https:\/\/api.w.org\/{rel}","templated":true}]}}