{"id":374,"date":"2025-09-24T14:29:26","date_gmt":"2025-09-24T14:29:26","guid":{"rendered":"https:\/\/www.olgascheps.com\/en\/?page_id=374"},"modified":"2025-11-09T11:53:09","modified_gmt":"2025-11-09T11:53:09","slug":"repertoire","status":"publish","type":"page","link":"https:\/\/www.olgascheps.com\/en\/repertoire\/","title":{"rendered":"Repertoire"},"content":{"rendered":"\n<h1>\n\t\t\tREPERTOIRE\t<\/h1>\n\t<h3 id=\"tw-target-text\" dir=\"ltr\" tabindex=\"-1\" role=\"text\" data-placeholder=\"\u00dcbersetzung\" data-ved=\"2ahUKEwi7p8nF_-SQAxWLbvUHHXLxH9kQ3ewLegQIDBAU\" aria-label=\"\u00dcbersetzter Text: Further piano concertos, solo repertoire and chamber music available upon request.\">Further piano concertos, solo repertoire and chamber music available upon request.<\/h3>\n\t<ul>\n<li>\n<h4><strong>Johann Sebastian Bach<br \/>\n<\/strong>Piano concerto No. 5 f-Moll BWV 1056<\/h4>\n<\/li>\n<li>\n<h4><strong>Ludwig van Beethoven<\/strong>:<br \/>\nPiano concerto No. 2 B-Dur op. 19<br \/>\nPiano concerto No 3 c-Moll op. 37<br \/>\nPiano concerto No. 4 G-Dur op. 58<\/h4>\n<\/li>\n<li>\n<h4><strong>Johannes Brahms<br \/>\n<\/strong>Piano concerto No. 1 op. 15 d-Moll<\/h4>\n<\/li>\n<li>\n<h4><strong>Fr\u00e9d\u00e9ric Chopin<br \/>\n<\/strong>Piano concerto No. 1 op. 11 e-Moll<br \/>\nPiano concerto No 2 op. 21 f-Moll<\/h4>\n<\/li>\n<li>\n<h4><strong>Anton\u00edn Dvo\u0159\u00e1k<br \/>\n<\/strong>Piano concerto g-Moll op. 33<\/h4>\n<\/li>\n<li>\n<h4><strong>David Garrett\/John Haywood: <\/strong>Piano concerto &#8220;One World&#8221;<\/h4>\n<\/li>\n<li>\n<h4><strong>George Gershwin\u00a0<\/strong><br \/>\nRhapsody in Blue<\/h4>\n<\/li>\n<li>\n<h4><strong>Edvard Grieg<br \/>\n<\/strong>Piano concerto a-Moll op. 16<\/h4>\n<\/li>\n<li>\n<h4><strong>Franz Liszt<br \/>\n<\/strong>Piano concerto No. 1 Es-Dur<br \/>\nPiano concerto No. 2 A-Dur<br \/>\nMal\u00e9diction<\/h4>\n<\/li>\n<li>\n<h4><strong>Felix Mendelssohn<br \/>\n<\/strong>Piano concerto No. 1 g-Moll op. 25<\/h4>\n<\/li>\n<\/ul>\n\t<ul>\n<li>\n<h4><strong>Olivier Messiaen\u00a0<\/strong><br \/>\nOiseaux exotiques<\/h4>\n<\/li>\n<li>\n<h4><strong>Wolfgang Amadeus Mozart<br \/>\n<\/strong>Piano concerto No. 20 d-Moll KV 466<br \/>\nPiano concerto No. 21 C-Dur KV 467<br \/>\nPiano concerto No. 24 c-Moll KV 491<\/h4>\n<\/li>\n<li>\n<h4><strong>Arvo P\u00e4rt\u00a0<\/strong><br \/>\nLamentate.<br \/>\nHomage to Anish Kapoor and his<br \/>\nsculpture \u201eMarrsyas&#8221;<\/h4>\n<\/li>\n<li>\n<h4><strong>Sergei Prokofjew<br \/>\n<\/strong>Piano concerto No. 1 Des-Dur op. 10<\/h4>\n<\/li>\n<li>\n<h4><strong>Sergei Rachmaninow<br \/>\n<\/strong>Piano concerto No. 2 op. 18 c-Moll<\/h4>\n<\/li>\n<li>\n<h4><strong>Dmitri Schostakowitsch<\/strong><br \/>\nConcerto for Piano, Trumpet and String Orchestra<\/h4>\n<\/li>\n<li>\n<h4><strong>Robert Schumann:<br \/>\n<\/strong>Piano concerto a &#8211; Moll op. 54<\/h4>\n<\/li>\n<li>\n<h4><strong>Clara Schumann:<br \/>\n<\/strong>Piano concerto a &#8211; Moll op. 7<\/h4>\n<\/li>\n<li>\n<h4><strong>Pjotr Tschaikowski<br \/>\n<\/strong>Piano concerto No. 1 b-Moll<\/h4>\n<\/li>\n<\/ul>\n\n","protected":false},"excerpt":{"rendered":"<p>REPERTOIRE Further piano concertos, solo repertoire and chamber music available upon request. Johann Sebastian Bach Piano concerto No. 5 f-Moll BWV 1056 Ludwig van Beethoven: Piano concerto No. 2 B-Dur op. 19 Piano concerto No 3 c-Moll op. 37 Piano concerto No. 4 G-Dur op. 58 Johannes Brahms Piano concerto No. 1 op. 15 d-Moll&hellip;<\/p>\n","protected":false},"author":2,"featured_media":0,"parent":0,"menu_order":0,"comment_status":"closed","ping_status":"closed","template":"","meta":{"footnotes":""},"class_list":["post-374","page","type-page","status-publish","hentry"],"_links":{"self":[{"href":"https:\/\/www.olgascheps.com\/en\/wp-json\/wp\/v2\/pages\/374","targetHints":{"allow":["GET"]}}],"collection":[{"href":"https:\/\/www.olgascheps.com\/en\/wp-json\/wp\/v2\/pages"}],"about":[{"href":"https:\/\/www.olgascheps.com\/en\/wp-json\/wp\/v2\/types\/page"}],"author":[{"embeddable":true,"href":"https:\/\/www.olgascheps.com\/en\/wp-json\/wp\/v2\/users\/2"}],"replies":[{"embeddable":true,"href":"https:\/\/www.olgascheps.com\/en\/wp-json\/wp\/v2\/comments?post=374"}],"version-history":[{"count":7,"href":"https:\/\/www.olgascheps.com\/en\/wp-json\/wp\/v2\/pages\/374\/revisions"}],"predecessor-version":[{"id":614,"href":"https:\/\/www.olgascheps.com\/en\/wp-json\/wp\/v2\/pages\/374\/revisions\/614"}],"wp:attachment":[{"href":"https:\/\/www.olgascheps.com\/en\/wp-json\/wp\/v2\/media?parent=374"}],"curies":[{"name":"wp","href":"https:\/\/api.w.org\/{rel}","templated":true}]}}